{"id":96965,"date":"2022-03-23T00:11:34","date_gmt":"2022-03-22T23:11:34","guid":{"rendered":"https:\/\/zosradio.ba\/?page_id=96965"},"modified":"2022-04-26T14:18:12","modified_gmt":"2022-04-26T12:18:12","slug":"o-nama","status":"publish","type":"page","link":"https:\/\/zosradio.ba\/index.php\/o-nama\/","title":{"rendered":"O NAMA"},"content":{"rendered":"<div id=\"tdi_1\" class=\"tdc-zone\"><div class=\"tdc_zone tdi_2  wpb_row td-pb-row\"  >\n<style scoped>\n\/* custom css - generated by TagDiv Composer *\/\n\n\/* custom css - generated by TagDiv Composer *\/\n.tdi_2{\r\n                    min-height: 0;\r\n                }\n<\/style><div id=\"tdi_3\" class=\"tdc-row stretch_row_1200 td-stretch-content\"><div class=\"vc_row tdi_4  wpb_row td-pb-row tdc-element-style\" >\n<style scoped>\n\/* custom css - generated by TagDiv Composer *\/\n\n\/* custom css - generated by TagDiv Composer *\/\n.tdi_4,\r\n                .tdi_4 .tdc-columns{\r\n                    min-height: 0;\r\n                }.tdi_4,\r\n\t\t\t\t.tdi_4 .tdc-columns{\r\n\t\t\t\t    display: block;\r\n\t\t\t\t}.tdi_4 .tdc-columns{\r\n\t\t\t\t    width: 100%;\r\n\t\t\t\t}.tdi_4:before,\r\n\t\t\t\t.tdi_4:after{\r\n\t\t\t\t    display: table;\r\n\t\t\t\t}\n\/* inline tdc_css att - generated by TagDiv Composer *\/\n\n.tdi_4{\npadding-top:260px !important;\npadding-right:10% !important;\npadding-bottom:280px !important;\npadding-left:10% !important;\nposition:relative;\n}\n\n.tdi_4 .td_block_wrap{ text-align:left }\n\n\/* landscape *\/\n@media (min-width: 1019px) and (max-width: 1140px)\n{\n.tdi_4{\npadding-top:160px !important;\npadding-bottom:180px !important;\n}\n}\n\n\/* portrait *\/\n@media (min-width: 768px) and (max-width: 1018px)\n{\n.tdi_4{\npadding-top:160px !important;\npadding-bottom:180px !important;\n}\n}\n\n\/* phone *\/\n@media (max-width: 767px)\n{\n.tdi_4{\npadding-top:100px !important;\npadding-right:10px !important;\npadding-bottom:80px !important;\npadding-left:10px !important;\n}\n}\n\n<\/style>\n<div class=\"tdi_3_rand_style td-element-style\" ><div class=\"td-element-style-before\"><style>\n\/* custom css - generated by TagDiv Composer *\/\n\n.tdi_3_rand_style > .td-element-style-before {\ncontent:'' !important;\nwidth:100% !important;\nheight:100% !important;\nposition:absolute !important;\ntop:0 !important;\nleft:0 !important;\ndisplay:block !important;\nz-index:0 !important;\nbackground-image:url(\"https:\/\/zosradio.ba\/wp-content\/uploads\/2022\/03\/ZOS1206-620x300-300x145.jpg\") !important;\nbackground-position:center center !important;\nbackground-size:cover !important;\n}\n<\/style><\/div><\/div><div class=\"vc_column tdi_6  wpb_column vc_column_container tdc-column td-pb-span12\">\n<style scoped>\n\/* custom css - generated by TagDiv Composer *\/\n\n\/* custom css - generated by TagDiv Composer *\/\n.tdi_6{\r\n                    vertical-align: baseline;\r\n                }.tdi_6 > .wpb_wrapper,\r\n\t\t\t\t.tdi_6 > .wpb_wrapper > .tdc-elements{\r\n\t\t\t\t    display: block;\r\n\t\t\t\t}.tdi_6 > .wpb_wrapper > .tdc-elements{\r\n\t\t\t\t    width: 100%;\r\n\t\t\t\t}.tdi_6 > .wpb_wrapper > .vc_row_inner{\r\n\t\t\t\t    width: auto;\r\n\t\t\t\t}.tdi_6 > .wpb_wrapper{\r\n\t\t\t\t    width: auto;\r\n\t\t\t\t    height: auto;\r\n\t\t\t\t}\n<\/style><div class=\"wpb_wrapper\" ><div class=\"tdm_block td_block_wrap tdm_block_column_title tdi_7 tdm-content-horiz-center td-pb-border-top td_block_template_1\"  data-td-block-uid=\"tdi_7\" >\n<style>\n\/* custom css - generated by TagDiv Composer *\/\n.tdm_block_column_title{\r\n                  margin-bottom: 0;\r\n                  display: inline-block;\r\n                  width: 100%;\r\n                }\n<\/style><div class=\"td-block-row\"><div class=\"td-block-span12 tdm-col\">\n<style>\n\/* custom css - generated by TagDiv Composer *\/\n.tdi_8 .tdm-title{\r\n\t\t\t\t\tcolor: #ffffff;\r\n\t\t\t\t\r\n\t\t\t\t\tfont-family:Roboto !important;\r\n\t\t\t\t}body .tdi_8 .tdm-title-line:after{\r\n\t\t\t\t\tbackground: #f9b800;\r\n\t\t\t\t}.tdi_8 .tdm-title-line{\r\n\t\t\t\t\twidth: 100px;\r\n\t\t\t\t\r\n\t\t\t\t\theight: 29px;\r\n\t\t\t\t}.tdi_8:hover .tdm-title-line,\r\n\t\t\t\tbody .tds_icon_box5_wrap:hover .tdi_8 .tdm-title-line{\r\n\t\t\t\t\twidth: 120px;\r\n\t\t\t\t}.tdi_8 .tdm-title-line:after{\r\n\t\t\t\t\theight: 2px;\r\n\t\t\t\t\r\n\t\t\t\t\tbottom: 0%;\r\n\t\t\t\t}\n\n\/* phone *\/\n@media (max-width: 767px){\n.tdi_8 .tdm-title{\r\n\t\t\t\t\tfont-size:28px !important;line-height:34px !important;\r\n\t\t\t\t}\n}\n<\/style><div class=\"tds-title tds-title2 td-fix-index tdi_8 \"><h3 class=\"tdm-title tdm-title-bg\">O Nama<\/h3><div class=\"tdm-title-line\"><\/div><\/div><\/div><\/div><\/div><\/div><\/div><\/div><\/div><div id=\"tdi_9\" class=\"tdc-row stretch_row_1400 td-stretch-content\"><div class=\"vc_row tdi_10  wpb_row td-pb-row\" >\n<style scoped>\n\/* custom css - generated by TagDiv Composer *\/\n\n\/* custom css - generated by TagDiv Composer *\/\n.tdi_10,\r\n                .tdi_10 .tdc-columns{\r\n                    min-height: 0;\r\n                }.tdi_10,\r\n\t\t\t\t.tdi_10 .tdc-columns{\r\n\t\t\t\t    display: block;\r\n\t\t\t\t}.tdi_10 .tdc-columns{\r\n\t\t\t\t    width: 100%;\r\n\t\t\t\t}.tdi_10:before,\r\n\t\t\t\t.tdi_10:after{\r\n\t\t\t\t    display: table;\r\n\t\t\t\t}\n<\/style><div class=\"vc_column tdi_12  wpb_column vc_column_container tdc-column td-pb-span12\">\n<style scoped>\n\/* custom css - generated by TagDiv Composer *\/\n\n\/* custom css - generated by TagDiv Composer *\/\n.tdi_12{\r\n                    vertical-align: baseline;\r\n                }.tdi_12 > .wpb_wrapper,\r\n\t\t\t\t.tdi_12 > .wpb_wrapper > .tdc-elements{\r\n\t\t\t\t    display: block;\r\n\t\t\t\t}.tdi_12 > .wpb_wrapper > .tdc-elements{\r\n\t\t\t\t    width: 100%;\r\n\t\t\t\t}.tdi_12 > .wpb_wrapper > .vc_row_inner{\r\n\t\t\t\t    width: auto;\r\n\t\t\t\t}.tdi_12 > .wpb_wrapper{\r\n\t\t\t\t    width: auto;\r\n\t\t\t\t    height: auto;\r\n\t\t\t\t}\n<\/style><div class=\"wpb_wrapper\" ><div class=\"tdm_block td_block_wrap tdm_block_column_title tdi_13 tdm-content-horiz-left td-pb-border-top td_block_template_1\"  data-td-block-uid=\"tdi_13\" >\n<style>\n\n\/* inline tdc_css att - generated by TagDiv Composer *\/\n\n.tdi_13{\nmargin-top:50px !important;\nmargin-bottom:20px !important;\npadding-right:15% !important;\npadding-left:15% !important;\n}\n\n\/* landscape *\/\n@media (min-width: 1019px) and (max-width: 1140px)\n{\n.tdi_13{\npadding-right:8% !important;\npadding-left:8% !important;\n}\n}\n\n\/* portrait *\/\n@media (min-width: 768px) and (max-width: 1018px)\n{\n.tdi_13{\npadding-right:8% !important;\npadding-left:8% !important;\n}\n}\n\n\/* phone *\/\n@media (max-width: 767px)\n{\n.tdi_13{\nmargin-bottom:20px !important;\npadding-right:0px !important;\npadding-left:0px !important;\n}\n}\n\n<\/style><div class=\"td-block-row\"><div class=\"td-block-span12 tdm-col\">\n<style>\n\/* custom css - generated by TagDiv Composer *\/\nbody .tdi_14 .tdm-title{\r\n\t\t\t\t\tcolor: #333333;\r\n\t\t\t\t}.tdi_14 .tdm-title{\r\n\t\t\t\t\tfont-family:Roboto !important;font-size:26px !important;line-height:36px !important;\r\n\t\t\t\t}\n\n\/* portrait *\/\n@media (min-width: 768px) and (max-width: 1018px){\n.tdi_14 .tdm-title{\r\n\t\t\t\t\tfont-size:22px !important;line-height:32px !important;\r\n\t\t\t\t}\n}\n\n\/* phone *\/\n@media (max-width: 767px){\n.tdi_14 .tdm-title{\r\n\t\t\t\t\tfont-size:20px !important;line-height:30px !important;\r\n\t\t\t\t}\n}\n<\/style><div class=\"tds-title tds-title1 td-fix-index tdi_14 \"><h4 class=\"tdm-title tdm-title-md\">Dru\u0161tvo za radijsku i televizijsku djelatnost ZOS d.o.o. osnovano je 1997. godine, te od tada kao prepoznatljiv brend, djeluje na podru\u010dju Bosne i Hercegovine pod sloganom \u201eZajedno ostvarujemo snove\u201c. Mi smo komercijalna radijska stanica, koja radi i djeluje u Te\u0161nju. U svom dugogodi\u0161njem radu postali prepoznatljivi po specifi\u010dnom formatu i viziji. Ono \u0161to izdvaja ZOS radio od drugih, jeste opredijeljenost ka zabavnoj-doma\u0107oj i stranoj muzici. Frekvencija na kojoj djeluje na\u0161a radio stanica je 107,00 FM, a signal pokriva geografsko podru\u010dje na kojem \u017eivi oko 300.000 stanovnika. Kao takva smatra se regionalnom radijskom stanicom, jer pokriva podru\u010dje Zeni\u010dko-dobojskog  i jedan dio Tuzlanskog kantona, te dio RS-a.<\/h4><\/div><\/div><\/div><\/div><div class=\"tdm_block td_block_wrap tdm_block_column_title tdi_15 tdm-content-horiz-center td-pb-border-top td_block_template_1\"  data-td-block-uid=\"tdi_15\" >\n<style>\n\n\/* inline tdc_css att - generated by TagDiv Composer *\/\n\n.tdi_15{\nmargin-bottom:10px !important;\n}\n\n\/* landscape *\/\n@media (min-width: 1019px) and (max-width: 1140px)\n{\n.tdi_15{\nmargin-bottom:0px !important;\n}\n}\n\n\/* portrait *\/\n@media (min-width: 768px) and (max-width: 1018px)\n{\n.tdi_15{\nmargin-bottom:-10px !important;\n}\n}\n\n\/* phone *\/\n@media (max-width: 767px)\n{\n.tdi_15{\nmargin-bottom:-10px !important;\n}\n}\n\n<\/style><div class=\"td-block-row\"><div class=\"td-block-span12 tdm-col\">\n<style>\n\/* custom css - generated by TagDiv Composer *\/\n.tdi_16 .tdm-title-line{\r\n\t\t\t\t\twidth: 120px;\r\n\t\t\t\t\r\n\t\t\t\t\theight: 20px;\r\n\t\t\t\t}.tdi_16 .tdm-title-line:after{\r\n\t\t\t\t\theight: 0px;\r\n\t\t\t\t\r\n\t\t\t\t\tbottom: 0%;\r\n\t\t\t\t}.tdi_16 .tdm-title-sub{\r\n\t\t\t\t\tmargin-bottom: 12px;\r\n\t\t\t\t}.tdi_16 .tdm-title{\r\n\t\t\t\t\tfont-family:Roboto !important;font-weight:600 !important;\r\n\t\t\t\t}\n\n\/* phone *\/\n@media (max-width: 767px){\n.tdi_16 .tdm-title{\r\n\t\t\t\t\tfont-size:28px !important;line-height:34px !important;\r\n\t\t\t\t}\n}\n<\/style><div class=\"tds-title tds-title3  td-fix-index tdi_16 \"><h3 class=\"tdm-title tdm-title-bg\">ZOS radio Portal \u2013 Mjesto provjerenih informacija<\/h3><div class=\"tdm-title-line\"><\/div><div class=\"tdm-title-sub\"><\/div><\/div><\/div><\/div><\/div><div class=\"tdm_block td_block_wrap tdm_block_column_title tdi_17 tdm-content-horiz-left td-pb-border-top td_block_template_1\"  data-td-block-uid=\"tdi_17\" >\n<style>\n\n\/* inline tdc_css att - generated by TagDiv Composer *\/\n\n.tdi_17{\nmargin-top:-10px !important;\nmargin-bottom:20px !important;\npadding-right:15% !important;\npadding-left:15% !important;\n}\n\n\/* landscape *\/\n@media (min-width: 1019px) and (max-width: 1140px)\n{\n.tdi_17{\npadding-right:8% !important;\npadding-left:8% !important;\n}\n}\n\n\/* portrait *\/\n@media (min-width: 768px) and (max-width: 1018px)\n{\n.tdi_17{\npadding-right:8% !important;\npadding-left:8% !important;\n}\n}\n\n\/* phone *\/\n@media (max-width: 767px)\n{\n.tdi_17{\nmargin-bottom:20px !important;\npadding-right:0px !important;\npadding-left:0px !important;\n}\n}\n\n<\/style><div class=\"td-block-row\"><div class=\"td-block-span12 tdm-col\">\n<style>\n\/* custom css - generated by TagDiv Composer *\/\nbody .tdi_18 .tdm-title{\r\n\t\t\t\t\tcolor: #333333;\r\n\t\t\t\t}.tdi_18 .tdm-title{\r\n\t\t\t\t\tfont-family:Roboto !important;font-size:26px !important;line-height:36px !important;\r\n\t\t\t\t}\n\n\/* portrait *\/\n@media (min-width: 768px) and (max-width: 1018px){\n.tdi_18 .tdm-title{\r\n\t\t\t\t\tfont-size:22px !important;line-height:32px !important;\r\n\t\t\t\t}\n}\n\n\/* phone *\/\n@media (max-width: 767px){\n.tdi_18 .tdm-title{\r\n\t\t\t\t\tfont-size:20px !important;line-height:30px !important;\r\n\t\t\t\t}\n}\n<\/style><div class=\"tds-title tds-title1 td-fix-index tdi_18 \"><h4 class=\"tdm-title tdm-title-md\">Tokom godina sa razvojem novih tehnologija i \u0161irenjem dru\u0161tvenih mre\u017ea, 2014., razvila se potreba za pokretanjem web stranice www.zosradio.ba i mjesto je provjerenih informacija. Svojim pristupom obi\u010dnom \u010dovjeku i njegovoj \u017eivotnoj pri\u010di, \u017eelimo jasno pokazati zajednici da je svaki \u010dovjek bitan. Ta\u010dno, objektivno i profesionalno izvje\u0161tavamo gra\u0111ane o de\u0161avanjima u lokalnoj zajednici i dr\u017eavi, te smo na taj na\u010din publici jedinstven izvor informacija. Kroz na\u0161 rad poti\u010demo zajednicu na slobodno izra\u017eavanje svojih stavova, dajemo prostor marginaliziranim grupama, vodimo ra\u010duna o socijalno-osjetljivim kategorijama. Medij smo koji je u slu\u017ebi svih gra\u0111ana, bez obzira na nacionalnu skupinu. Promoviranje zajedni\u010dkog \u017eivota, pomirenja i prihvatanja drugih i druga\u010dijih, je ono na \u010demu baziramo svoj rad. Slogan \u201eZajedno ostvarujemo snove\u201c od samog po\u010detka je pozivao zajednicu na interakciju i da zajedno mo\u017eemo sve. Na\u0161e aktivnosti usmjerene su na publiku i zajednicu. Primarna zada\u0107a svih na\u0161ih uposlenika i saradnika je da imaju na umu zadovoljstvo publike i zajednice, ali i marketin\u0161kih klijenata. Cilj je da publika, zajednica i klijenti znaju da \u0107e uvijek imati profesionalan pristup svojim zahtijevima. Portal ZOS radija je ujedno i naj\u010ditaniji u ZDK.<\/h4><\/div><\/div><\/div><\/div><div class=\"tdm_block td_block_wrap tdm_block_column_title tdi_19 tdm-content-horiz-center td-pb-border-top td_block_template_1\"  data-td-block-uid=\"tdi_19\" >\n<style>\n\n\/* inline tdc_css att - generated by TagDiv Composer *\/\n\n.tdi_19{\nmargin-bottom:10px !important;\n}\n\n\/* landscape *\/\n@media (min-width: 1019px) and (max-width: 1140px)\n{\n.tdi_19{\nmargin-bottom:0px !important;\n}\n}\n\n\/* portrait *\/\n@media (min-width: 768px) and (max-width: 1018px)\n{\n.tdi_19{\nmargin-bottom:-10px !important;\n}\n}\n\n\/* phone *\/\n@media (max-width: 767px)\n{\n.tdi_19{\nmargin-bottom:-10px !important;\n}\n}\n\n<\/style><div class=\"td-block-row\"><div class=\"td-block-span12 tdm-col\">\n<style>\n\/* custom css - generated by TagDiv Composer *\/\n.tdi_20 .tdm-title-line{\r\n\t\t\t\t\twidth: 120px;\r\n\t\t\t\t\r\n\t\t\t\t\theight: 20px;\r\n\t\t\t\t}.tdi_20 .tdm-title-line:after{\r\n\t\t\t\t\theight: 0px;\r\n\t\t\t\t\r\n\t\t\t\t\tbottom: 0%;\r\n\t\t\t\t}.tdi_20 .tdm-title-sub{\r\n\t\t\t\t\tmargin-bottom: 12px;\r\n\t\t\t\t}.tdi_20 .tdm-title{\r\n\t\t\t\t\tfont-family:Roboto !important;font-weight:600 !important;\r\n\t\t\t\t}\n\n\/* phone *\/\n@media (max-width: 767px){\n.tdi_20 .tdm-title{\r\n\t\t\t\t\tfont-size:28px !important;line-height:34px !important;\r\n\t\t\t\t}\n}\n<\/style><div class=\"tds-title tds-title3  td-fix-index tdi_20 \"><h3 class=\"tdm-title tdm-title-bg\">ZOS Media Consulting<\/h3><div class=\"tdm-title-line\"><\/div><div class=\"tdm-title-sub\"><\/div><\/div><\/div><\/div><\/div><div class=\"tdm_block td_block_wrap tdm_block_column_title tdi_21 tdm-content-horiz-left td-pb-border-top td_block_template_1\"  data-td-block-uid=\"tdi_21\" >\n<style>\n\n\/* inline tdc_css att - generated by TagDiv Composer *\/\n\n.tdi_21{\nmargin-top:-10px !important;\nmargin-bottom:20px !important;\npadding-right:15% !important;\npadding-left:15% !important;\n}\n\n\/* landscape *\/\n@media (min-width: 1019px) and (max-width: 1140px)\n{\n.tdi_21{\npadding-right:8% !important;\npadding-left:8% !important;\n}\n}\n\n\/* portrait *\/\n@media (min-width: 768px) and (max-width: 1018px)\n{\n.tdi_21{\npadding-right:8% !important;\npadding-left:8% !important;\n}\n}\n\n\/* phone *\/\n@media (max-width: 767px)\n{\n.tdi_21{\nmargin-bottom:20px !important;\npadding-right:0px !important;\npadding-left:0px !important;\n}\n}\n\n<\/style><div class=\"td-block-row\"><div class=\"td-block-span12 tdm-col\">\n<style>\n\/* custom css - generated by TagDiv Composer *\/\nbody .tdi_22 .tdm-title{\r\n\t\t\t\t\tcolor: #333333;\r\n\t\t\t\t}.tdi_22 .tdm-title{\r\n\t\t\t\t\tfont-family:Roboto !important;font-size:26px !important;line-height:36px !important;\r\n\t\t\t\t}\n\n\/* portrait *\/\n@media (min-width: 768px) and (max-width: 1018px){\n.tdi_22 .tdm-title{\r\n\t\t\t\t\tfont-size:22px !important;line-height:32px !important;\r\n\t\t\t\t}\n}\n\n\/* phone *\/\n@media (max-width: 767px){\n.tdi_22 .tdm-title{\r\n\t\t\t\t\tfont-size:20px !important;line-height:30px !important;\r\n\t\t\t\t}\n}\n<\/style><div class=\"tds-title tds-title1 td-fix-index tdi_22 \"><h4 class=\"tdm-title tdm-title-md\">Kako je u zadnjih nekoliko godina na\u0161e Dru\u0161tvo, ZOS d.o.o., zabilje\u017eilo veliki porast prihoda i broja zaposlenih uz zajedni\u010dki trud, rad i zalaganje, svojim klijentima i poslovnim partnerima od 2021. godine pru\u017eamo i usluge marketing agencije. Iako je pandemija Corona virusa pred mnoge kompanije, kako u na\u0161oj zemlji, regiji, ali i svijetu, stavila brojna isku\u0161enja i izazove, tako je bilo i za nas, no, uspjeli smo u ostvarivanju na\u0161ih snova i doprinijeli razvoju kompanije. Upravo u tom periodu rodila se potreba za marketing agencijom koja se izme\u0111u ostalog bavi: izradom sponzorisanih tekstova, digitalnim marketingom (Facebook, Instagram, Google,\u2026), grafi\u010dkim dizajnom, fotografisanjem, marketin\u0161kim savjetovanjem, reklamama na bildboardima, odr\u017eavanjem i izradom web site-a i radijskih spotova. Tako\u0111er, analiziramo sve Va\u0161e potrebe, prilago\u0111avamo ih zahtjevima tr\u017ei\u0161ta i pronalazimo najbolje rje\u0161enje za Vas.<\/h4><\/div><\/div><\/div><\/div><\/div><\/div><\/div><\/div><\/div><\/div>","protected":false},"excerpt":{"rendered":"","protected":false},"author":1,"featured_media":0,"parent":0,"menu_order":0,"comment_status":"closed","ping_status":"closed","template":"","meta":{"_acf_changed":false,"footnotes":""},"class_list":["post-96965","page","type-page","status-publish"],"acf":[],"yoast_head":"<!-- This site is optimized with the Yoast SEO Premium plugin v27.5 (Yoast SEO v27.5) - https:\/\/yoast.com\/product\/yoast-seo-premium-wordpress\/ -->\n<title>O NAMA - ZOS radio<\/title>\n<meta name=\"robots\" content=\"index, follow, max-snippet:-1, max-image-preview:large, max-video-preview:-1\" \/>\n<link rel=\"canonical\" href=\"https:\/\/zosradio.ba\/index.php\/o-nama\/\" \/>\n<meta property=\"og:locale\" content=\"bs_BA\" \/>\n<meta property=\"og:type\" content=\"article\" \/>\n<meta property=\"og:title\" content=\"O NAMA\" \/>\n<meta property=\"og:url\" content=\"https:\/\/zosradio.ba\/index.php\/o-nama\/\" \/>\n<meta property=\"og:site_name\" content=\"ZOS radio\" \/>\n<meta property=\"article:publisher\" content=\"https:\/\/www.facebook.com\/zosradio\" \/>\n<meta property=\"article:modified_time\" content=\"2022-04-26T12:18:12+00:00\" \/>\n<meta property=\"og:image\" content=\"https:\/\/zosradio.ba\/wp-content\/uploads\/2023\/09\/zos-logo1.jpg\" \/>\n\t<meta property=\"og:image:width\" content=\"1200\" \/>\n\t<meta property=\"og:image:height\" content=\"600\" \/>\n\t<meta property=\"og:image:type\" content=\"image\/jpeg\" \/>\n<meta name=\"twitter:card\" content=\"summary_large_image\" \/>\n<meta name=\"twitter:label1\" content=\"Est. reading time\" \/>\n\t<meta name=\"twitter:data1\" content=\"6 minuta\" \/>\n<script type=\"application\/ld+json\" class=\"yoast-schema-graph\">{\"@context\":\"https:\\\/\\\/schema.org\",\"@graph\":[{\"@type\":\"WebPage\",\"@id\":\"https:\\\/\\\/zosradio.ba\\\/index.php\\\/o-nama\\\/\",\"url\":\"https:\\\/\\\/zosradio.ba\\\/index.php\\\/o-nama\\\/\",\"name\":\"O NAMA - ZOS radio\",\"isPartOf\":{\"@id\":\"https:\\\/\\\/zosradio.ba\\\/#website\"},\"datePublished\":\"2022-03-22T23:11:34+00:00\",\"dateModified\":\"2022-04-26T12:18:12+00:00\",\"breadcrumb\":{\"@id\":\"https:\\\/\\\/zosradio.ba\\\/index.php\\\/o-nama\\\/#breadcrumb\"},\"inLanguage\":\"bs-BA\",\"potentialAction\":[{\"@type\":\"ReadAction\",\"target\":[\"https:\\\/\\\/zosradio.ba\\\/index.php\\\/o-nama\\\/\"]}]},{\"@type\":\"BreadcrumbList\",\"@id\":\"https:\\\/\\\/zosradio.ba\\\/index.php\\\/o-nama\\\/#breadcrumb\",\"itemListElement\":[{\"@type\":\"ListItem\",\"position\":1,\"name\":\"Home\",\"item\":\"https:\\\/\\\/zosradio.ba\\\/\"},{\"@type\":\"ListItem\",\"position\":2,\"name\":\"O NAMA\"}]},{\"@type\":\"WebSite\",\"@id\":\"https:\\\/\\\/zosradio.ba\\\/#website\",\"url\":\"https:\\\/\\\/zosradio.ba\\\/\",\"name\":\"ZOS radio\",\"description\":\"Mjesto provjerenih informacija\",\"potentialAction\":[{\"@type\":\"SearchAction\",\"target\":{\"@type\":\"EntryPoint\",\"urlTemplate\":\"https:\\\/\\\/zosradio.ba\\\/?s={search_term_string}\"},\"query-input\":{\"@type\":\"PropertyValueSpecification\",\"valueRequired\":true,\"valueName\":\"search_term_string\"}}],\"inLanguage\":\"bs-BA\"}]}<\/script>\n<!-- \/ Yoast SEO Premium plugin. -->","yoast_head_json":{"title":"O NAMA - ZOS radio","robots":{"index":"index","follow":"follow","max-snippet":"max-snippet:-1","max-image-preview":"max-image-preview:large","max-video-preview":"max-video-preview:-1"},"canonical":"https:\/\/zosradio.ba\/index.php\/o-nama\/","og_locale":"bs_BA","og_type":"article","og_title":"O NAMA","og_url":"https:\/\/zosradio.ba\/index.php\/o-nama\/","og_site_name":"ZOS radio","article_publisher":"https:\/\/www.facebook.com\/zosradio","article_modified_time":"2022-04-26T12:18:12+00:00","og_image":[{"width":1200,"height":600,"url":"https:\/\/zosradio.ba\/wp-content\/uploads\/2023\/09\/zos-logo1.jpg","type":"image\/jpeg"}],"twitter_card":"summary_large_image","twitter_misc":{"Est. reading time":"6 minuta"},"schema":{"@context":"https:\/\/schema.org","@graph":[{"@type":"WebPage","@id":"https:\/\/zosradio.ba\/index.php\/o-nama\/","url":"https:\/\/zosradio.ba\/index.php\/o-nama\/","name":"O NAMA - ZOS radio","isPartOf":{"@id":"https:\/\/zosradio.ba\/#website"},"datePublished":"2022-03-22T23:11:34+00:00","dateModified":"2022-04-26T12:18:12+00:00","breadcrumb":{"@id":"https:\/\/zosradio.ba\/index.php\/o-nama\/#breadcrumb"},"inLanguage":"bs-BA","potentialAction":[{"@type":"ReadAction","target":["https:\/\/zosradio.ba\/index.php\/o-nama\/"]}]},{"@type":"BreadcrumbList","@id":"https:\/\/zosradio.ba\/index.php\/o-nama\/#breadcrumb","itemListElement":[{"@type":"ListItem","position":1,"name":"Home","item":"https:\/\/zosradio.ba\/"},{"@type":"ListItem","position":2,"name":"O NAMA"}]},{"@type":"WebSite","@id":"https:\/\/zosradio.ba\/#website","url":"https:\/\/zosradio.ba\/","name":"ZOS radio","description":"Mjesto provjerenih informacija","potentialAction":[{"@type":"SearchAction","target":{"@type":"EntryPoint","urlTemplate":"https:\/\/zosradio.ba\/?s={search_term_string}"},"query-input":{"@type":"PropertyValueSpecification","valueRequired":true,"valueName":"search_term_string"}}],"inLanguage":"bs-BA"}]}},"_links":{"self":[{"href":"https:\/\/zosradio.ba\/index.php\/wp-json\/wp\/v2\/pages\/96965","targetHints":{"allow":["GET"]}}],"collection":[{"href":"https:\/\/zosradio.ba\/index.php\/wp-json\/wp\/v2\/pages"}],"about":[{"href":"https:\/\/zosradio.ba\/index.php\/wp-json\/wp\/v2\/types\/page"}],"author":[{"embeddable":true,"href":"https:\/\/zosradio.ba\/index.php\/wp-json\/wp\/v2\/users\/1"}],"replies":[{"embeddable":true,"href":"https:\/\/zosradio.ba\/index.php\/wp-json\/wp\/v2\/comments?post=96965"}],"version-history":[{"count":5,"href":"https:\/\/zosradio.ba\/index.php\/wp-json\/wp\/v2\/pages\/96965\/revisions"}],"predecessor-version":[{"id":100529,"href":"https:\/\/zosradio.ba\/index.php\/wp-json\/wp\/v2\/pages\/96965\/revisions\/100529"}],"wp:attachment":[{"href":"https:\/\/zosradio.ba\/index.php\/wp-json\/wp\/v2\/media?parent=96965"}],"curies":[{"name":"wp","href":"https:\/\/api.w.org\/{rel}","templated":true}]}}